{"id":5334,"date":"2025-02-03T21:12:34","date_gmt":"2025-02-04T01:12:34","guid":{"rendered":"https:\/\/loganamedicalspa.com\/ve\/?post_type=product&#038;p=5334"},"modified":"2025-02-10T19:13:11","modified_gmt":"2025-02-10T23:13:11","slug":"endolifting-rejuvenecimiento-facial-y-corporal-con-tecnologia-laser","status":"publish","type":"product","link":"https:\/\/loganamedicalspa.com\/ve\/producto\/endolifting-rejuvenecimiento-facial-y-corporal-con-tecnologia-laser\/","title":{"rendered":"Endolifting: Rejuvenecimiento Facial y Corporal con Tecnolog\u00eda L\u00e1ser"},"content":{"rendered":"","protected":false},"excerpt":{"rendered":"<p>**Endolifting** es un procedimiento m\u00e9dico-est\u00e9tico m\u00ednimamente invasivo que utiliza tecnolog\u00eda l\u00e1ser para estimular la producci\u00f3n de col\u00e1geno y elastina en la piel, promoviendo un efecto tensor y rejuvenecedor. Se realiza mediante la inserci\u00f3n de una microfibra \u00f3ptica en la hipodermis, emitiendo energ\u00eda l\u00e1ser que calienta los tejidos subd\u00e9rmicos de manera controlada. Esto provoca la retracci\u00f3n de las fibras de col\u00e1geno existentes y estimula la neocolag\u00e9nesis, mejorando la firmeza, elasticidad y tonicidad de la piel con el tiempo.<\/p>\n<p>Este tratamiento es especialmente utilizado en \u00e1reas como el rostro, cuello, papada, brazos, abdomen y muslos, ayudando a reducir la flacidez, redefinir contornos y mejorar la textura cut\u00e1nea. Adem\u00e1s, el calor generado contribuye a la lip\u00f3lisis, favoreciendo la eliminaci\u00f3n de peque\u00f1as acumulaciones de grasa localizada.<\/p>\n<p>El endolifting no requiere cirug\u00eda ni anestesia general, su recuperaci\u00f3n es r\u00e1pida y los resultados se hacen visibles progresivamente en los meses siguientes. Es una alternativa efectiva para quienes buscan mejorar el aspecto de su piel sin someterse a procedimientos quir\u00fargicos invasivos.<\/p>\n<p><a class=\"elementor-button-link elementor-button elementor-size-xl\" style=\"background: #75990E; margin-top: 10px;\" href=\"https:\/\/wa.link\/0jegrl\" target=\"_blank\" rel=\"noopener\">C O M P R A R<\/a><\/p>\n","protected":false},"featured_media":5355,"comment_status":"open","ping_status":"closed","template":"","meta":{"site-sidebar-layout":"default","site-content-layout":"default","ast-global-header-display":"","ast-main-header-display":"","ast-hfb-above-header-display":"","ast-hfb-below-header-display":"","ast-hfb-mobile-header-display":"","site-post-title":"","ast-breadcrumbs-content":"","ast-featured-img":"","footer-sml-layout":"","theme-transparent-header-meta":"default","adv-header-id-meta":"","stick-header-meta":"","header-above-stick-meta":"","header-main-stick-meta":"","header-below-stick-meta":"","_joinchat":[]},"product_cat":[81],"product_tag":[],"class_list":{"0":"post-5334","1":"product","2":"type-product","3":"status-publish","4":"has-post-thumbnail","6":"product_cat-tratamientos-medico-esteticos","7":"desktop-align-left","8":"tablet-align-left","9":"mobile-align-left","11":"first","12":"instock","13":"shipping-taxable","14":"product-type-simple"},"_links":{"self":[{"href":"https:\/\/loganamedicalspa.com\/ve\/wp-json\/wp\/v2\/product\/5334","targetHints":{"allow":["GET"]}}],"collection":[{"href":"https:\/\/loganamedicalspa.com\/ve\/wp-json\/wp\/v2\/product"}],"about":[{"href":"https:\/\/loganamedicalspa.com\/ve\/wp-json\/wp\/v2\/types\/product"}],"replies":[{"embeddable":true,"href":"https:\/\/loganamedicalspa.com\/ve\/wp-json\/wp\/v2\/comments?post=5334"}],"wp:featuredmedia":[{"embeddable":true,"href":"https:\/\/loganamedicalspa.com\/ve\/wp-json\/wp\/v2\/media\/5355"}],"wp:attachment":[{"href":"https:\/\/loganamedicalspa.com\/ve\/wp-json\/wp\/v2\/media?parent=5334"}],"wp:term":[{"taxonomy":"product_cat","embeddable":true,"href":"https:\/\/loganamedicalspa.com\/ve\/wp-json\/wp\/v2\/product_cat?post=5334"},{"taxonomy":"product_tag","embeddable":true,"href":"https:\/\/loganamedicalspa.com\/ve\/wp-json\/wp\/v2\/product_tag?post=5334"}],"curies":[{"name":"wp","href":"https:\/\/api.w.org\/{rel}","templated":true}]}}