{"id":5201,"date":"2023-01-28T14:23:26","date_gmt":"2023-01-28T18:23:26","guid":{"rendered":"https:\/\/loganamedicalspa.com\/ve\/?post_type=product&#038;p=5201"},"modified":"2025-03-05T11:24:41","modified_gmt":"2025-03-05T15:24:41","slug":"eliminacion-de-ojeras-hundidas-y-vascularizadas","status":"publish","type":"product","link":"https:\/\/loganamedicalspa.com\/ve\/producto\/eliminacion-de-ojeras-hundidas-y-vascularizadas\/","title":{"rendered":"Eliminaci\u00f3n de ojeras hundidas y vascularizadas"},"content":{"rendered":"","protected":false},"excerpt":{"rendered":"<p>Esta novedosa t\u00e9cnica 3D para pacientes que a diario piden como eliminar las ojeras hundidas vascularizadas y manchadas, contamos con un protocolo de tres sesiones cada 21 d\u00edas para eliminar esta condici\u00f3n que nos afecta nuestra autoestima.<br \/>\nEs una t\u00e9cnica realizada en el consultorio en 30 minutos con anestesia t\u00f3pica indolora totalmente. aplicamos tres activos en una sesi\u00f3n para lograr ver esos maravillosos resultados.<\/p>\n<ul>\n<li>Activo inhibidor de melanina<\/li>\n<li>Bioestimuladores de col\u00e1geno<\/li>\n<li>\u00c1cido hialuronico reticulado<\/li>\n<\/ul>\n<p><a class=\"elementor-button-link elementor-button elementor-size-xl\" style=\"background: #75990E; margin-top: 10px;\" href=\"https:\/\/wa.link\/0jegrl\" target=\"_blank\" rel=\"noopener\">C O M P R A R<\/a><\/p>\n","protected":false},"featured_media":5164,"comment_status":"open","ping_status":"closed","template":"","meta":{"site-sidebar-layout":"default","site-content-layout":"default","ast-global-header-display":"","ast-main-header-display":"","ast-hfb-above-header-display":"","ast-hfb-below-header-display":"","ast-hfb-mobile-header-display":"","site-post-title":"","ast-breadcrumbs-content":"","ast-featured-img":"","footer-sml-layout":"","theme-transparent-header-meta":"default","adv-header-id-meta":"","stick-header-meta":"","header-above-stick-meta":"","header-main-stick-meta":"","header-below-stick-meta":"","_joinchat":[]},"product_cat":[81],"product_tag":[],"class_list":{"0":"post-5201","1":"product","2":"type-product","3":"status-publish","4":"has-post-thumbnail","6":"product_cat-tratamientos-medico-esteticos","7":"desktop-align-left","8":"tablet-align-left","9":"mobile-align-left","11":"first","12":"instock","13":"shipping-taxable","14":"product-type-simple"},"_links":{"self":[{"href":"https:\/\/loganamedicalspa.com\/ve\/wp-json\/wp\/v2\/product\/5201","targetHints":{"allow":["GET"]}}],"collection":[{"href":"https:\/\/loganamedicalspa.com\/ve\/wp-json\/wp\/v2\/product"}],"about":[{"href":"https:\/\/loganamedicalspa.com\/ve\/wp-json\/wp\/v2\/types\/product"}],"replies":[{"embeddable":true,"href":"https:\/\/loganamedicalspa.com\/ve\/wp-json\/wp\/v2\/comments?post=5201"}],"wp:featuredmedia":[{"embeddable":true,"href":"https:\/\/loganamedicalspa.com\/ve\/wp-json\/wp\/v2\/media\/5164"}],"wp:attachment":[{"href":"https:\/\/loganamedicalspa.com\/ve\/wp-json\/wp\/v2\/media?parent=5201"}],"wp:term":[{"taxonomy":"product_cat","embeddable":true,"href":"https:\/\/loganamedicalspa.com\/ve\/wp-json\/wp\/v2\/product_cat?post=5201"},{"taxonomy":"product_tag","embeddable":true,"href":"https:\/\/loganamedicalspa.com\/ve\/wp-json\/wp\/v2\/product_tag?post=5201"}],"curies":[{"name":"wp","href":"https:\/\/api.w.org\/{rel}","templated":true}]}}