{"id":4889,"date":"2022-08-31T00:17:42","date_gmt":"2022-08-31T04:17:42","guid":{"rendered":"https:\/\/loganamedicalspa.com\/ve\/?post_type=product&#038;p=4889"},"modified":"2025-02-03T21:00:42","modified_gmt":"2025-02-04T01:00:42","slug":"acido-hialuronico","status":"publish","type":"product","link":"https:\/\/loganamedicalspa.com\/ve\/producto\/acido-hialuronico\/","title":{"rendered":"\u00c1cido hialur\u00f3nico"},"content":{"rendered":"","protected":false},"excerpt":{"rendered":"<p>Una piel bien hidratada es m\u00e1s firme y tiene un brillo m\u00e1s luminoso. En cambio, una piel deshidratada aparenta mayor opacidad, le falta brillo y aparece m\u00e1s holgada. Por otro lado, el <strong>\u00e1cido hialur\u00f3nico<\/strong> act\u00faa como una esponja, capaz de retener grandes cantidades de agua en la piel, y as\u00ed le aporta volumen, adem\u00e1s de reducir las arrugas y disimular las l\u00edneas de expresi\u00f3n y revitalizar las capas superficiales externas de la piel.<\/p>\n<p>\n<a class=\"elementor-button-link elementor-button elementor-size-xl\" style=\"background: #75990E; margin-top: 10px;\" href=\"https:\/\/wa.link\/0jegrl\" target=\"_blank\" rel=\"noopener\">C O M P R A R<\/a><\/p>\n","protected":false},"featured_media":4978,"comment_status":"open","ping_status":"closed","template":"","meta":{"site-sidebar-layout":"default","site-content-layout":"default","ast-global-header-display":"","ast-main-header-display":"","ast-hfb-above-header-display":"","ast-hfb-below-header-display":"","ast-hfb-mobile-header-display":"","site-post-title":"","ast-breadcrumbs-content":"","ast-featured-img":"","footer-sml-layout":"","theme-transparent-header-meta":"default","adv-header-id-meta":"","stick-header-meta":"","header-above-stick-meta":"","header-main-stick-meta":"","header-below-stick-meta":"","_joinchat":[]},"product_cat":[81],"product_tag":[],"class_list":{"0":"post-4889","1":"product","2":"type-product","3":"status-publish","4":"has-post-thumbnail","6":"product_cat-tratamientos-medico-esteticos","7":"desktop-align-left","8":"tablet-align-left","9":"mobile-align-left","11":"first","12":"instock","13":"shipping-taxable","14":"product-type-simple"},"_links":{"self":[{"href":"https:\/\/loganamedicalspa.com\/ve\/wp-json\/wp\/v2\/product\/4889","targetHints":{"allow":["GET"]}}],"collection":[{"href":"https:\/\/loganamedicalspa.com\/ve\/wp-json\/wp\/v2\/product"}],"about":[{"href":"https:\/\/loganamedicalspa.com\/ve\/wp-json\/wp\/v2\/types\/product"}],"replies":[{"embeddable":true,"href":"https:\/\/loganamedicalspa.com\/ve\/wp-json\/wp\/v2\/comments?post=4889"}],"wp:featuredmedia":[{"embeddable":true,"href":"https:\/\/loganamedicalspa.com\/ve\/wp-json\/wp\/v2\/media\/4978"}],"wp:attachment":[{"href":"https:\/\/loganamedicalspa.com\/ve\/wp-json\/wp\/v2\/media?parent=4889"}],"wp:term":[{"taxonomy":"product_cat","embeddable":true,"href":"https:\/\/loganamedicalspa.com\/ve\/wp-json\/wp\/v2\/product_cat?post=4889"},{"taxonomy":"product_tag","embeddable":true,"href":"https:\/\/loganamedicalspa.com\/ve\/wp-json\/wp\/v2\/product_tag?post=4889"}],"curies":[{"name":"wp","href":"https:\/\/api.w.org\/{rel}","templated":true}]}}