{"id":4888,"date":"2022-08-31T00:14:06","date_gmt":"2022-08-31T04:14:06","guid":{"rendered":"https:\/\/loganamedicalspa.com\/ve\/?post_type=product&#038;p=4888"},"modified":"2022-09-19T13:08:43","modified_gmt":"2022-09-19T17:08:43","slug":"radio-frecuencia-con-agujas-de-oro","status":"publish","type":"product","link":"https:\/\/loganamedicalspa.com\/ve\/producto\/radio-frecuencia-con-agujas-de-oro\/","title":{"rendered":"Radio frecuencia con agujas de oro"},"content":{"rendered":"","protected":false},"excerpt":{"rendered":"<p>Disminuye las marcas provocadas por el acn\u00e9 y consigue proyectar la seguridad que hay en ti, con nuestro procedimiento lograr\u00e1s un aumento de la hidrataci\u00f3n y del grosor de la piel, por medio de 32 micro agujas de oro, cuya funci\u00f3n es cerrar poros y aumentar la producci\u00f3n de col\u00e1geno natural de la piel y reducir surcos, l\u00edneas y arrugas.<\/p>\n<p>Es una t\u00e9cnica que contrae los m\u00fasculos y ayuda a tonificar la piel, acompa\u00f1ada de 32 micro agujas de oro, cuya funci\u00f3n es cerrar poros y aumentar la producci\u00f3n de col\u00e1geno natural de la piel. Sirve para mejorar las l\u00edneas de expresi\u00f3n, mejorar el aspecto de las cicatrices y disminuir el acn\u00e9.<\/p>\n<p>Este tratamiento se realiza una vez al mes y en el intermedio se realizan sesiones de microdermoabrasi\u00f3n, que ayudan a mejorar la textura de la piel. Cada sesi\u00f3n dura aproximadamente 1 hora.<\/p>\n<p><a class=\"elementor-button-link elementor-button elementor-size-xl\" style=\"background: #75990E; margin-top: 10px;\" href=\"https:\/\/wa.link\/0jegrl\" target=\"_blank\" rel=\"noopener\">C O M P R A R<\/a><\/p>\n","protected":false},"featured_media":4956,"comment_status":"open","ping_status":"closed","template":"","meta":{"site-sidebar-layout":"default","site-content-layout":"default","ast-global-header-display":"","ast-main-header-display":"","ast-hfb-above-header-display":"","ast-hfb-below-header-display":"","ast-hfb-mobile-header-display":"","site-post-title":"","ast-breadcrumbs-content":"","ast-featured-img":"","footer-sml-layout":"","theme-transparent-header-meta":"default","adv-header-id-meta":"","stick-header-meta":"","header-above-stick-meta":"","header-main-stick-meta":"","header-below-stick-meta":"","_joinchat":[]},"product_cat":[81],"product_tag":[],"class_list":{"0":"post-4888","1":"product","2":"type-product","3":"status-publish","4":"has-post-thumbnail","6":"product_cat-tratamientos-medico-esteticos","7":"desktop-align-left","8":"tablet-align-left","9":"mobile-align-left","11":"first","12":"instock","13":"shipping-taxable","14":"product-type-simple"},"_links":{"self":[{"href":"https:\/\/loganamedicalspa.com\/ve\/wp-json\/wp\/v2\/product\/4888","targetHints":{"allow":["GET"]}}],"collection":[{"href":"https:\/\/loganamedicalspa.com\/ve\/wp-json\/wp\/v2\/product"}],"about":[{"href":"https:\/\/loganamedicalspa.com\/ve\/wp-json\/wp\/v2\/types\/product"}],"replies":[{"embeddable":true,"href":"https:\/\/loganamedicalspa.com\/ve\/wp-json\/wp\/v2\/comments?post=4888"}],"wp:featuredmedia":[{"embeddable":true,"href":"https:\/\/loganamedicalspa.com\/ve\/wp-json\/wp\/v2\/media\/4956"}],"wp:attachment":[{"href":"https:\/\/loganamedicalspa.com\/ve\/wp-json\/wp\/v2\/media?parent=4888"}],"wp:term":[{"taxonomy":"product_cat","embeddable":true,"href":"https:\/\/loganamedicalspa.com\/ve\/wp-json\/wp\/v2\/product_cat?post=4888"},{"taxonomy":"product_tag","embeddable":true,"href":"https:\/\/loganamedicalspa.com\/ve\/wp-json\/wp\/v2\/product_tag?post=4888"}],"curies":[{"name":"wp","href":"https:\/\/api.w.org\/{rel}","templated":true}]}}