{"id":4887,"date":"2022-08-31T00:11:18","date_gmt":"2022-08-31T04:11:18","guid":{"rendered":"https:\/\/loganamedicalspa.com\/ve\/?post_type=product&#038;p=4887"},"modified":"2022-09-19T13:09:24","modified_gmt":"2022-09-19T17:09:24","slug":"toxina-botulinica","status":"publish","type":"product","link":"https:\/\/loganamedicalspa.com\/ve\/producto\/toxina-botulinica\/","title":{"rendered":"Toxina botulinica"},"content":{"rendered":"","protected":false},"excerpt":{"rendered":"<p>Consiste en la aplicaci\u00f3n de botox, a traves de peque\u00f1as inyecciones en la zona a tratar. Su funci\u00f3n es reducir la contracci\u00f3n muscular, para que la piel luzca m\u00e1s relajada y con aspecto juvenil.<br \/>\n<br \/>\n<a class=\"elementor-button-link elementor-button elementor-size-xl\" style=\"background: #75990E; margin-top: 10px;\" href=\"https:\/\/wa.link\/0jegrl\" target=\"_blank\" rel=\"noopener\">C O M P R A R<\/a><\/p>\n","protected":false},"featured_media":4957,"comment_status":"open","ping_status":"closed","template":"","meta":{"site-sidebar-layout":"default","site-content-layout":"default","ast-global-header-display":"","ast-main-header-display":"","ast-hfb-above-header-display":"","ast-hfb-below-header-display":"","ast-hfb-mobile-header-display":"","site-post-title":"","ast-breadcrumbs-content":"","ast-featured-img":"","footer-sml-layout":"","theme-transparent-header-meta":"default","adv-header-id-meta":"","stick-header-meta":"","header-above-stick-meta":"","header-main-stick-meta":"","header-below-stick-meta":"","_joinchat":[]},"product_cat":[81],"product_tag":[],"class_list":{"0":"post-4887","1":"product","2":"type-product","3":"status-publish","4":"has-post-thumbnail","6":"product_cat-tratamientos-medico-esteticos","7":"desktop-align-left","8":"tablet-align-left","9":"mobile-align-left","11":"first","12":"instock","13":"shipping-taxable","14":"product-type-simple"},"_links":{"self":[{"href":"https:\/\/loganamedicalspa.com\/ve\/wp-json\/wp\/v2\/product\/4887","targetHints":{"allow":["GET"]}}],"collection":[{"href":"https:\/\/loganamedicalspa.com\/ve\/wp-json\/wp\/v2\/product"}],"about":[{"href":"https:\/\/loganamedicalspa.com\/ve\/wp-json\/wp\/v2\/types\/product"}],"replies":[{"embeddable":true,"href":"https:\/\/loganamedicalspa.com\/ve\/wp-json\/wp\/v2\/comments?post=4887"}],"wp:featuredmedia":[{"embeddable":true,"href":"https:\/\/loganamedicalspa.com\/ve\/wp-json\/wp\/v2\/media\/4957"}],"wp:attachment":[{"href":"https:\/\/loganamedicalspa.com\/ve\/wp-json\/wp\/v2\/media?parent=4887"}],"wp:term":[{"taxonomy":"product_cat","embeddable":true,"href":"https:\/\/loganamedicalspa.com\/ve\/wp-json\/wp\/v2\/product_cat?post=4887"},{"taxonomy":"product_tag","embeddable":true,"href":"https:\/\/loganamedicalspa.com\/ve\/wp-json\/wp\/v2\/product_tag?post=4887"}],"curies":[{"name":"wp","href":"https:\/\/api.w.org\/{rel}","templated":true}]}}