{"id":4882,"date":"2022-08-31T00:01:18","date_gmt":"2022-08-31T04:01:18","guid":{"rendered":"https:\/\/loganamedicalspa.com\/ve\/?post_type=product&#038;p=4882"},"modified":"2022-09-19T13:09:38","modified_gmt":"2022-09-19T17:09:38","slug":"tratamientos-antiojeras","status":"publish","type":"product","link":"https:\/\/loganamedicalspa.com\/ve\/producto\/tratamientos-antiojeras\/","title":{"rendered":"Tratamientos antiojeras"},"content":{"rendered":"","protected":false},"excerpt":{"rendered":"<p>Cuando las ojeras son permanentes y no son causadas por el cansancio o el estr\u00e9s, existe la posibilidad de realizar infiltraciones con \u00e1cido hialur\u00f3nico para rellenar el surco bajo los ojos. Este es un proceso en el que un especialista en est\u00e9tica con una jeringa de aguja muy fina introduce microfilamentos de gel transparente bajo la superficie de la piel.<br \/>\n<br \/>\n<a class=\"elementor-button-link elementor-button elementor-size-xl\" style=\"background: #75990E; margin-top: 10px;\" href=\"https:\/\/wa.link\/0jegrl\" target=\"_blank\" rel=\"noopener\">C O M P R A R<\/a><\/p>\n","protected":false},"featured_media":4965,"comment_status":"open","ping_status":"closed","template":"","meta":{"site-sidebar-layout":"default","site-content-layout":"default","ast-global-header-display":"","ast-main-header-display":"","ast-hfb-above-header-display":"","ast-hfb-below-header-display":"","ast-hfb-mobile-header-display":"","site-post-title":"","ast-breadcrumbs-content":"","ast-featured-img":"","footer-sml-layout":"","theme-transparent-header-meta":"default","adv-header-id-meta":"","stick-header-meta":"","header-above-stick-meta":"","header-main-stick-meta":"","header-below-stick-meta":"","_joinchat":[]},"product_cat":[80],"product_tag":[],"class_list":{"0":"post-4882","1":"product","2":"type-product","3":"status-publish","4":"has-post-thumbnail","6":"product_cat-servicios","7":"desktop-align-left","8":"tablet-align-left","9":"mobile-align-left","11":"first","12":"instock","13":"shipping-taxable","14":"product-type-simple"},"_links":{"self":[{"href":"https:\/\/loganamedicalspa.com\/ve\/wp-json\/wp\/v2\/product\/4882","targetHints":{"allow":["GET"]}}],"collection":[{"href":"https:\/\/loganamedicalspa.com\/ve\/wp-json\/wp\/v2\/product"}],"about":[{"href":"https:\/\/loganamedicalspa.com\/ve\/wp-json\/wp\/v2\/types\/product"}],"replies":[{"embeddable":true,"href":"https:\/\/loganamedicalspa.com\/ve\/wp-json\/wp\/v2\/comments?post=4882"}],"wp:featuredmedia":[{"embeddable":true,"href":"https:\/\/loganamedicalspa.com\/ve\/wp-json\/wp\/v2\/media\/4965"}],"wp:attachment":[{"href":"https:\/\/loganamedicalspa.com\/ve\/wp-json\/wp\/v2\/media?parent=4882"}],"wp:term":[{"taxonomy":"product_cat","embeddable":true,"href":"https:\/\/loganamedicalspa.com\/ve\/wp-json\/wp\/v2\/product_cat?post=4882"},{"taxonomy":"product_tag","embeddable":true,"href":"https:\/\/loganamedicalspa.com\/ve\/wp-json\/wp\/v2\/product_tag?post=4882"}],"curies":[{"name":"wp","href":"https:\/\/api.w.org\/{rel}","templated":true}]}}