{"id":4880,"date":"2022-08-30T23:59:47","date_gmt":"2022-08-31T03:59:47","guid":{"rendered":"https:\/\/loganamedicalspa.com\/ve\/?post_type=product&#038;p=4880"},"modified":"2022-09-19T13:05:38","modified_gmt":"2022-09-19T17:05:38","slug":"dermapen","status":"publish","type":"product","link":"https:\/\/loganamedicalspa.com\/ve\/producto\/dermapen\/","title":{"rendered":"Dermapen"},"content":{"rendered":"<p>Conocido como tratamiento de micropunci\u00f3n, Dermapen se encarga de restaurar el col\u00e1geno y la elastina de la piel a trav\u00e9s de unas microagujas que inyecta en las capas externas de la dermis. Estas agujas son muy finas y apenas perceptibles por el paciente. Al aplicarlas se estimula el col\u00e1geno aut\u00f3logo del paciente y su elastina lo que hace que se genere un proceso de regeneraci\u00f3n de la piel y de r\u00e1pida curaci\u00f3n que ayuda a eliminar las arrugas, marcas, estr\u00edas o cicatrices de diversas zonas del cuerpo.<\/p>\n","protected":false},"excerpt":{"rendered":"<p><strong>Dermapen<\/strong> es uno de los \u00faltimos tratamientos en Medicina Est\u00e9tica que est\u00e1 enfocado a mejorar el aspecto y la textura de la dermis. Los especialistas lo denominan \u201cl\u00e1piz anti-imperfecciones o borra imperfecciones\u201d porque tiene forma de l\u00e1piz y se encarga de solucionar todos los problemas que pueden aparecer en la piel del rostro a diferentes edades.<br \/>\n<br \/>\n<a class=\"elementor-button-link elementor-button elementor-size-xl\" style=\"background: #75990E; margin-top: 10px;\" href=\"https:\/\/wa.link\/0jegrl\" target=\"_blank\" rel=\"noopener\">C O M P R A R<\/a><\/p>\n","protected":false},"featured_media":4967,"comment_status":"open","ping_status":"closed","template":"","meta":{"site-sidebar-layout":"default","site-content-layout":"default","ast-global-header-display":"","ast-main-header-display":"","ast-hfb-above-header-display":"","ast-hfb-below-header-display":"","ast-hfb-mobile-header-display":"","site-post-title":"","ast-breadcrumbs-content":"","ast-featured-img":"","footer-sml-layout":"","theme-transparent-header-meta":"default","adv-header-id-meta":"","stick-header-meta":"","header-above-stick-meta":"","header-main-stick-meta":"","header-below-stick-meta":"","_joinchat":[]},"product_cat":[80],"product_tag":[],"class_list":{"0":"post-4880","1":"product","2":"type-product","3":"status-publish","4":"has-post-thumbnail","6":"product_cat-servicios","7":"desktop-align-left","8":"tablet-align-left","9":"mobile-align-left","11":"first","12":"instock","13":"shipping-taxable","14":"product-type-simple"},"_links":{"self":[{"href":"https:\/\/loganamedicalspa.com\/ve\/wp-json\/wp\/v2\/product\/4880","targetHints":{"allow":["GET"]}}],"collection":[{"href":"https:\/\/loganamedicalspa.com\/ve\/wp-json\/wp\/v2\/product"}],"about":[{"href":"https:\/\/loganamedicalspa.com\/ve\/wp-json\/wp\/v2\/types\/product"}],"replies":[{"embeddable":true,"href":"https:\/\/loganamedicalspa.com\/ve\/wp-json\/wp\/v2\/comments?post=4880"}],"wp:featuredmedia":[{"embeddable":true,"href":"https:\/\/loganamedicalspa.com\/ve\/wp-json\/wp\/v2\/media\/4967"}],"wp:attachment":[{"href":"https:\/\/loganamedicalspa.com\/ve\/wp-json\/wp\/v2\/media?parent=4880"}],"wp:term":[{"taxonomy":"product_cat","embeddable":true,"href":"https:\/\/loganamedicalspa.com\/ve\/wp-json\/wp\/v2\/product_cat?post=4880"},{"taxonomy":"product_tag","embeddable":true,"href":"https:\/\/loganamedicalspa.com\/ve\/wp-json\/wp\/v2\/product_tag?post=4880"}],"curies":[{"name":"wp","href":"https:\/\/api.w.org\/{rel}","templated":true}]}}