{"id":4879,"date":"2022-08-30T23:59:18","date_gmt":"2022-08-31T03:59:18","guid":{"rendered":"https:\/\/loganamedicalspa.com\/ve\/?post_type=product&#038;p=4879"},"modified":"2022-09-19T13:09:50","modified_gmt":"2022-09-19T17:09:50","slug":"tratamientos-de-acne","status":"publish","type":"product","link":"https:\/\/loganamedicalspa.com\/ve\/producto\/tratamientos-de-acne\/","title":{"rendered":"Tratamientos de acn\u00e9"},"content":{"rendered":"","protected":false},"excerpt":{"rendered":"<p>Tenemos una gama de tratamientos para el acn\u00e9 seg\u00fan la patolog\u00eda y diagn\u00f3stico evaluado por nuestros profesionales con una Alta gama de productos especializados cl\u00ednicamente.<br \/>\n<br \/>\n<a class=\"elementor-button-link elementor-button elementor-size-xl\" style=\"background: #75990E; margin-top: 10px;\" href=\"https:\/\/wa.link\/0jegrl\" target=\"_blank\" rel=\"noopener\">C O M P R A R<\/a><\/p>\n","protected":false},"featured_media":4968,"comment_status":"open","ping_status":"closed","template":"","meta":{"site-sidebar-layout":"default","site-content-layout":"default","ast-global-header-display":"","ast-main-header-display":"","ast-hfb-above-header-display":"","ast-hfb-below-header-display":"","ast-hfb-mobile-header-display":"","site-post-title":"","ast-breadcrumbs-content":"","ast-featured-img":"","footer-sml-layout":"","theme-transparent-header-meta":"default","adv-header-id-meta":"","stick-header-meta":"","header-above-stick-meta":"","header-main-stick-meta":"","header-below-stick-meta":"","_joinchat":[]},"product_cat":[80],"product_tag":[],"class_list":{"0":"post-4879","1":"product","2":"type-product","3":"status-publish","4":"has-post-thumbnail","6":"product_cat-servicios","7":"desktop-align-left","8":"tablet-align-left","9":"mobile-align-left","11":"first","12":"instock","13":"shipping-taxable","14":"product-type-simple"},"_links":{"self":[{"href":"https:\/\/loganamedicalspa.com\/ve\/wp-json\/wp\/v2\/product\/4879","targetHints":{"allow":["GET"]}}],"collection":[{"href":"https:\/\/loganamedicalspa.com\/ve\/wp-json\/wp\/v2\/product"}],"about":[{"href":"https:\/\/loganamedicalspa.com\/ve\/wp-json\/wp\/v2\/types\/product"}],"replies":[{"embeddable":true,"href":"https:\/\/loganamedicalspa.com\/ve\/wp-json\/wp\/v2\/comments?post=4879"}],"wp:featuredmedia":[{"embeddable":true,"href":"https:\/\/loganamedicalspa.com\/ve\/wp-json\/wp\/v2\/media\/4968"}],"wp:attachment":[{"href":"https:\/\/loganamedicalspa.com\/ve\/wp-json\/wp\/v2\/media?parent=4879"}],"wp:term":[{"taxonomy":"product_cat","embeddable":true,"href":"https:\/\/loganamedicalspa.com\/ve\/wp-json\/wp\/v2\/product_cat?post=4879"},{"taxonomy":"product_tag","embeddable":true,"href":"https:\/\/loganamedicalspa.com\/ve\/wp-json\/wp\/v2\/product_tag?post=4879"}],"curies":[{"name":"wp","href":"https:\/\/api.w.org\/{rel}","templated":true}]}}