{"id":4066,"date":"2022-08-13T17:23:47","date_gmt":"2022-08-13T22:23:47","guid":{"rendered":"https:\/\/loganamedicalspa.com\/ve\/?post_type=product&#038;p=4066"},"modified":"2025-02-05T23:50:48","modified_gmt":"2025-02-06T03:50:48","slug":"crema-nocturna","status":"publish","type":"product","link":"https:\/\/loganamedicalspa.com\/ve\/producto\/crema-nocturna\/","title":{"rendered":"Crema Nocturna"},"content":{"rendered":"<p>Promoviendo un cambio 100% favorable dejando de h\u00edper producir melanina en ciertas \u00e1reas de nuestro Rostro. Nuestras cremas no contiene qu\u00edmicos y est\u00e1 recomendada para todos los foto tipos de Hiperpigmentaciones.<\/p>\n<p>Desp\u00eddete de las manchas Oscuras lentigos solares producidas por los rayos Uva hormonas y estr\u00e9s oxidativo en la piel.<br \/>\nen <strong>Logana Medical SPA<\/strong> ofrecemos un protocolo innovador para estas afecciones de hiperpigmentaciones que llegan a causar Inseguridad y depresi\u00f3n.<br \/>\nNuestra crema despigmentante est\u00e1 elaborada para corregir las manchas de cualquier foto tipo de piel; esta innovadora crema combinada con un grupo de enzimas y vitaminas como lo es la V.B3 proporcionan una triple acci\u00f3n, en ayudar a blanquear la piel ya que su acci\u00f3n penetra en la piel, ayudando a reducir los pigmentos en las c\u00e9lulas e inhibir la producci\u00f3n de melanina.<br \/>\nEsta f\u00f3rmula incre\u00edblemente llena de vitaminas nutrientes y enzimas ayuda notablemente a reducir las c\u00e9lulas de la piel que sean m\u00e1s antiguas y oscuras d\u00e1ndote un tono m\u00e1s claro joven y radiante .<\/p>\n","protected":false},"excerpt":{"rendered":"<p>Nuestro protocolo, de las cremas para inhibir la producci\u00f3n de melanina se basa en un gran n\u00famero de estudios sin\u00e9rgicos realizados por un grupo de Dermo farmac\u00e9uticos Venezolanos que dieron con esta maravillosa f\u00f3rmula org\u00e1nica a base de Enzimas y vitaminas especialmente para zonas Dermo epid\u00e9rmicas del rostro, y \u00c1reas corporales, ya sean por factores end\u00f3genos y ex\u00f3genos.<\/p>\n<p><a class=\"elementor-button-link elementor-button elementor-size-xl\" style=\"background: #75990E; margin-top: 10px;\" href=\"https:\/\/wa.link\/0jegrl\" target=\"_blank\" rel=\"noopener\">C O M P R A R<\/a><\/p>\n","protected":false},"featured_media":4521,"comment_status":"open","ping_status":"closed","template":"","meta":{"site-sidebar-layout":"default","site-content-layout":"default","ast-global-header-display":"","ast-main-header-display":"","ast-hfb-above-header-display":"","ast-hfb-below-header-display":"","ast-hfb-mobile-header-display":"","site-post-title":"","ast-breadcrumbs-content":"","ast-featured-img":"","footer-sml-layout":"","theme-transparent-header-meta":"default","adv-header-id-meta":"","stick-header-meta":"","header-above-stick-meta":"","header-main-stick-meta":"","header-below-stick-meta":"","_joinchat":[]},"product_cat":[78],"product_tag":[],"class_list":{"0":"post-4066","1":"product","2":"type-product","3":"status-publish","4":"has-post-thumbnail","6":"product_cat-productos","7":"desktop-align-left","8":"tablet-align-left","9":"mobile-align-left","11":"first","12":"instock","13":"shipping-taxable","14":"purchasable","15":"product-type-simple"},"_links":{"self":[{"href":"https:\/\/loganamedicalspa.com\/ve\/wp-json\/wp\/v2\/product\/4066","targetHints":{"allow":["GET"]}}],"collection":[{"href":"https:\/\/loganamedicalspa.com\/ve\/wp-json\/wp\/v2\/product"}],"about":[{"href":"https:\/\/loganamedicalspa.com\/ve\/wp-json\/wp\/v2\/types\/product"}],"replies":[{"embeddable":true,"href":"https:\/\/loganamedicalspa.com\/ve\/wp-json\/wp\/v2\/comments?post=4066"}],"wp:featuredmedia":[{"embeddable":true,"href":"https:\/\/loganamedicalspa.com\/ve\/wp-json\/wp\/v2\/media\/4521"}],"wp:attachment":[{"href":"https:\/\/loganamedicalspa.com\/ve\/wp-json\/wp\/v2\/media?parent=4066"}],"wp:term":[{"taxonomy":"product_cat","embeddable":true,"href":"https:\/\/loganamedicalspa.com\/ve\/wp-json\/wp\/v2\/product_cat?post=4066"},{"taxonomy":"product_tag","embeddable":true,"href":"https:\/\/loganamedicalspa.com\/ve\/wp-json\/wp\/v2\/product_tag?post=4066"}],"curies":[{"name":"wp","href":"https:\/\/api.w.org\/{rel}","templated":true}]}}